{"id":9,"date":"2025-01-21T20:45:59","date_gmt":"2025-01-21T20:45:59","guid":{"rendered":"https:\/\/globallending.com\/?page_id=9"},"modified":"2025-02-11T19:04:52","modified_gmt":"2025-02-11T19:04:52","slug":"inicio","status":"publish","type":"page","link":"https:\/\/globallending.com\/","title":{"rendered":"Inicio"},"content":{"rendered":"<p>[et_pb_section fb_built=\u00bb1&#8243; _builder_version=\u00bb4.27.4&#8243; _module_preset=\u00bbdefault\u00bb custom_margin=\u00bb||-8px|||\u00bb custom_padding=\u00bb||14px|||\u00bb global_colors_info=\u00bb{}\u00bb][\/et_pb_section][et_pb_section fb_built=\u00bb1&#8243; module_id=\u00bbnosotros\u00bb _builder_version=\u00bb4.27.4&#8243; _module_preset=\u00bbdefault\u00bb background_color=\u00bb#030b16&#8243; use_background_color_gradient=\u00bbon\u00bb background_color_gradient_type=\u00bbcircular\u00bb background_color_gradient_stops=\u00bb#3e59fe 0%|rgba(29, 46, 125, 1) 17%|#030b16 32%|rgba(3, 11, 22, 1) 100%\u00bb custom_padding=\u00bb103px|||||\u00bb background_last_edited=\u00bbon|desktop\u00bb use_background_color_gradient_phone=\u00bbon\u00bb background_color_gradient_stops_phone=\u00bb#3e59fe 0%|#1d2e7d 6%|#030b16 32%|rgba(3, 11, 22, 1) 100%\u00bb global_colors_info=\u00bb{}\u00bb][et_pb_row column_structure=\u00bb2_5,3_5&#8243; custom_padding_last_edited=\u00bbon|phone\u00bb _builder_version=\u00bb4.27.4&#8243; _module_preset=\u00bbdefault\u00bb width=\u00bb100%\u00bb max_width=\u00bb1200px\u00bb custom_margin=\u00bb100px|auto||auto|false|false\u00bb custom_margin_tablet=\u00bb112px|auto||auto|false|false\u00bb custom_margin_phone=\u00bb5px|auto||auto|false|false\u00bb custom_margin_last_edited=\u00bbon|phone\u00bb custom_padding_tablet=\u00bb\u00bb custom_padding_phone=\u00bb|14px||14px|false|true\u00bb global_colors_info=\u00bb{}\u00bb][et_pb_column type=\u00bb2_5&#8243; _builder_version=\u00bb4.27.4&#8243; _module_preset=\u00bbdefault\u00bb global_colors_info=\u00bb{}\u00bb][et_pb_text _builder_version=\u00bb4.27.4&#8243; _module_preset=\u00bbdefault\u00bb text_text_color=\u00bb#FFFFFF\u00bb text_font_size=\u00bb52px\u00bb text_line_height=\u00bb1.2em\u00bb custom_padding_tablet=\u00bb\u00bb custom_padding_phone=\u00bb|20px||20px|false|true\u00bb custom_padding_last_edited=\u00bbon|phone\u00bb text_font_size_tablet=\u00bb52px\u00bb text_font_size_phone=\u00bb46px\u00bb text_font_size_last_edited=\u00bbon|phone\u00bb global_colors_info=\u00bb{}\u00bb]<\/p>\n<p>Bienvenido a Global Lending<\/p>\n<p>[\/et_pb_text][et_pb_text _builder_version=\u00bb4.27.4&#8243; _module_preset=\u00bbdefault\u00bb text_text_color=\u00bbgcid-674da4be-d69d-4251-856c-74b61c328cce\u00bb text_font_size=\u00bb21px\u00bb custom_padding_tablet=\u00bb\u00bb custom_padding_phone=\u00bb|20px||20px|false|true\u00bb custom_padding_last_edited=\u00bbon|phone\u00bb text_font_size_tablet=\u00bb21px\u00bb text_font_size_phone=\u00bb19px\u00bb text_font_size_last_edited=\u00bbon|phone\u00bb global_colors_info=\u00bb{%22gcid-674da4be-d69d-4251-856c-74b61c328cce%22:%91%22text_text_color%22%93}\u00bb]<\/p>\n<p style=\"text-align: justify;\"><span style=\"color: #ffffff;\">En Global Lending estamos dedicados al otorgamiento de<\/span> Cr\u00e9ditos al Consumo, Tarjetas Carnet y Medios de Pago.<\/p>\n<p style=\"text-align: justify;\"><span style=\"color: #ffffff;\">Fundada en 2010 por un equipo de profesionales del sector bancario con m\u00e1s de 100+ a\u00f1os de experiencia combinada.<\/span><\/p>\n<p style=\"text-align: justify;\"><span style=\"color: #ffffff;\">Con sus productos<\/span> Global Lending apoya a cubrir las necesidades de cr\u00e9dito <span style=\"color: #ffffff;\">de sus empleados, as\u00ed como en la<\/span> asignaci\u00f3n de recursos y control del gasto, <span style=\"color: #ffffff;\">apoyados en medios de pago electr\u00f3nicos.<\/span><\/p>\n<p>[\/et_pb_text][\/et_pb_column][et_pb_column type=\u00bb3_5&#8243; _builder_version=\u00bb4.27.4&#8243; _module_preset=\u00bbdefault\u00bb global_colors_info=\u00bb{}\u00bb][et_pb_image src=\u00bbhttps:\/\/globallending.com\/wp-content\/uploads\/2025\/01\/Image-2-GLS.png\u00bb title_text=\u00bbImage-2-GLS\u00bb align=\u00bbcenter\u00bb _builder_version=\u00bb4.27.4&#8243; _module_preset=\u00bbdefault\u00bb background_enable_color=\u00bboff\u00bb global_colors_info=\u00bb{}\u00bb][\/et_pb_image][\/et_pb_column][\/et_pb_row][\/et_pb_section][et_pb_section fb_built=\u00bb1&#8243; module_id=\u00bbproducto\u00bb _builder_version=\u00bb4.27.4&#8243; _module_preset=\u00bbdefault\u00bb background_color=\u00bb#030b16&#8243; use_background_color_gradient=\u00bbon\u00bb background_color_gradient_type=\u00bbcircular\u00bb background_color_gradient_stops=\u00bb#3e59fe 0%|rgba(29, 46, 125, 1) 13%|#030b16 32%|rgba(3, 11, 22, 1) 100%\u00bb global_colors_info=\u00bb{}\u00bb][et_pb_row column_structure=\u00bb1_2,1_2&#8243; _builder_version=\u00bb4.27.4&#8243; _module_preset=\u00bbdefault\u00bb width=\u00bb100%\u00bb max_width=\u00bb1200px\u00bb global_colors_info=\u00bb{}\u00bb][et_pb_column type=\u00bb1_2&#8243; _builder_version=\u00bb4.27.4&#8243; _module_preset=\u00bbdefault\u00bb global_colors_info=\u00bb{}\u00bb][et_pb_image src=\u00bbhttps:\/\/globallending.com\/wp-content\/uploads\/2025\/01\/Image-1-GLS.png\u00bb title_text=\u00bbImage-1-GLS\u00bb disabled_on=\u00bbon|on|off\u00bb _builder_version=\u00bb4.27.4&#8243; _module_preset=\u00bbdefault\u00bb global_colors_info=\u00bb{}\u00bb][\/et_pb_image][\/et_pb_column][et_pb_column type=\u00bb1_2&#8243; _builder_version=\u00bb4.27.4&#8243; _module_preset=\u00bbdefault\u00bb global_colors_info=\u00bb{}\u00bb][et_pb_text _builder_version=\u00bb4.27.4&#8243; _module_preset=\u00bbdefault\u00bb text_text_color=\u00bb#FFFFFF\u00bb text_font_size=\u00bb47px\u00bb text_line_height=\u00bb1.1em\u00bb custom_margin=\u00bb53px|||||\u00bb custom_margin_tablet=\u00bb53px|||||\u00bb custom_margin_phone=\u00bb-65px||||false|false\u00bb custom_margin_last_edited=\u00bbon|phone\u00bb custom_padding_tablet=\u00bb\u00bb custom_padding_phone=\u00bb|20px||20px|false|true\u00bb custom_padding_last_edited=\u00bbon|phone\u00bb text_font_size_tablet=\u00bb47px\u00bb text_font_size_phone=\u00bb43px\u00bb text_font_size_last_edited=\u00bbon|phone\u00bb global_colors_info=\u00bb{}\u00bb]<\/p>\n<p>Descubre nuestro producto<\/p>\n<p>[\/et_pb_text][et_pb_text _builder_version=\u00bb4.27.4&#8243; _module_preset=\u00bbdefault\u00bb text_text_color=\u00bbgcid-674da4be-d69d-4251-856c-74b61c328cce\u00bb text_font_size=\u00bb16px\u00bb background_color=\u00bbrgba(255,255,255,0.08)\u00bb custom_margin=\u00bb77px|114px|||false|false\u00bb custom_margin_tablet=\u00bb77px|114px|||false|false\u00bb custom_margin_phone=\u00bb27px|10px||10px|false|true\u00bb custom_margin_last_edited=\u00bbon|phone\u00bb custom_padding=\u00bb25px|28px|25px|28px|true|true\u00bb custom_padding_tablet=\u00bb25px|28px|25px|28px|true|true\u00bb custom_padding_phone=\u00bb25px|28px|25px|28px|true|true\u00bb custom_padding_last_edited=\u00bbon|phone\u00bb text_font_size_tablet=\u00bb16px\u00bb text_font_size_phone=\u00bb19px\u00bb text_font_size_last_edited=\u00bbon|phone\u00bb border_radii=\u00bbon|30px|30px|30px|30px\u00bb global_colors_info=\u00bb{%22gcid-674da4be-d69d-4251-856c-74b61c328cce%22:%91%22text_text_color%22%93}\u00bb]<\/p>\n<p style=\"text-align: justify;\">Global Lending <span style=\"color: #ffffff;\">ofrece cr\u00e9ditos de consumo con destino libre que te permite cubrir todas tus necesidades.<\/span><\/p>\n<p style=\"text-align: justify;\"><span style=\"color: #ffffff;\">Ac\u00e9rcate con nosotros, tenemos la soluci\u00f3n financiera para ti!<\/span><\/p>\n<p>[\/et_pb_text][et_pb_image src=\u00bbhttps:\/\/globallending.com\/wp-content\/uploads\/2025\/01\/Image-1-GLS.png\u00bb title_text=\u00bbImage-1-GLS\u00bb disabled_on=\u00bboff|off|on\u00bb _builder_version=\u00bb4.27.4&#8243; _module_preset=\u00bbdefault\u00bb global_colors_info=\u00bb{}\u00bb][\/et_pb_image][\/et_pb_column][\/et_pb_row][\/et_pb_section][et_pb_section fb_built=\u00bb1&#8243; inner_shadow=\u00bbon\u00bb _builder_version=\u00bb4.27.4&#8243; _module_preset=\u00bbdefault\u00bb background_color=\u00bbrgba(28,23,104,0.77)\u00bb background_image=\u00bbhttps:\/\/globallending.com\/wp-content\/uploads\/2025\/01\/Imagen-footer-GLS-1.png\u00bb background_blend=\u00bbmultiply\u00bb custom_padding=\u00bb8px||86px|||\u00bb global_colors_info=\u00bb{}\u00bb][et_pb_row _builder_version=\u00bb4.27.4&#8243; _module_preset=\u00bbdefault\u00bb global_colors_info=\u00bb{}\u00bb][et_pb_column type=\u00bb4_4&#8243; _builder_version=\u00bb4.27.4&#8243; _module_preset=\u00bbdefault\u00bb global_colors_info=\u00bb{}\u00bb][et_pb_image src=\u00bbhttps:\/\/globallending.com\/wp-content\/uploads\/2025\/02\/GL-logo-1.png\u00bb title_text=\u00bbGL-logo (1)\u00bb align=\u00bbcenter\u00bb _builder_version=\u00bb4.27.4&#8243; _module_preset=\u00bbdefault\u00bb width=\u00bb25%\u00bb hover_enabled=\u00bb0&#8243; global_colors_info=\u00bb{}\u00bb sticky_enabled=\u00bb0&#8243; width_last_edited=\u00bbon|desktop\u00bb width_phone=\u00bb55%\u00bb width_tablet=\u00bb25%\u00bb][\/et_pb_image][et_pb_text _builder_version=\u00bb4.27.4&#8243; _module_preset=\u00bbdefault\u00bb text_text_color=\u00bb#FFFFFF\u00bb text_line_height=\u00bb1.4em\u00bb text_orientation=\u00bbjustified\u00bb global_colors_info=\u00bb{}\u00bb]<\/p>\n<p><strong><span>AVISO DE PRIVACIDAD<\/span><\/strong><\/p>\n<p><span>Con fundamento en los art\u00edculos 15 y 16 de la Ley Federal de Protecci\u00f3n de Datos Personales en Posesi\u00f3n de Particulares hacemos de su conocimiento GLOBAL LENDING CORPORATION GLC, \u00a0S.A. DE C.V., SOFOM, E.N.R., (en lo sucesivo \u201cGlobal Lending\u201d) con domicilio en ALICA # 18 PH 3 COL. MOLINO DEL REY CP 11040 ALCALD\u00cdA MIGUEL HIDALGO CDMX, es responsable de recabar sus datos personales, del uso que se le d\u00e9 a los mismos y de su protecci\u00f3n con motivo de los servicios financieros prestados por nuestra instituci\u00f3n.<\/span><\/p>\n<p><span>Sus datos personales, y a\u00fan los sensibles, ser\u00e1n utilizados para las siguientes finalidades: identificaci\u00f3n, operaci\u00f3n, administraci\u00f3n, proveer los servicios y productos que ha solicitado; notificarle sobre nuevos servicios o productos que tengan relaci\u00f3n con los ya contratados o adquiridos; comunicarle sobre cambios en los mismos; elaborar estudios y programas que son necesarios para determinar h\u00e1bitos de consumo; realizar evaluaciones peri\u00f3dicas de nuestros productos y servicios a efecto de mejorar la calidad de los mismos; evaluar la calidad de servicio que brindamos, y en general, para dar cumplimiento a las obligaciones que hemos contra\u00eddo con usted, pudiendo transferir los mismos a entidades de Global y a Terceros.<\/span><\/p>\n<p><strong><span>DERECHOS ARCO<\/span><\/strong><span>. Es importante informarle que usted tiene derecho al Acceso, Rectificaci\u00f3n, Cancelaci\u00f3n, Oposici\u00f3n, Divulgaci\u00f3n y Limitaci\u00f3n de Uso de sus datos personales, para ello, es necesario que env\u00ede la solicitud en los t\u00e9rminos que marca la Ley en su Art. 29 al correo electr\u00f3nico:\u00a0<a href=\"mailto:chernandesz@globallending.com\">chernandez@globallending.com<\/a> con atenci\u00f3n de Claudia Hern\u00e1ndez, responsable de nuestro Departamento de Protecci\u00f3n de Datos Personales, ubicado en ALICA # 18 PH 3 Col. Molino de Rey CP 11040 Alcald\u00eda Miguel Hidalgo, Ciudad de M\u00e9xico o bien, se comunique al tel\u00e9fono 55 5264 7000.<\/span><\/p>\n<p><span>En caso de que no desee recibir mensajes promocionales de nuestra parte, puede enviarnos su solicitud por medio de la direcci\u00f3n electr\u00f3nica:\u00a0<a href=\"mailto:chernandez@globallending.com\">chernandez@globallending.com<\/a>. <\/span><\/p>\n<p><span>Es importante mencionar que GLOBAL LENDING CORPORATION GLC, S.A. DE C.V., SOFOM, E.N.R., podr\u00e1 modificar el presente aviso en cualquier momento y hacerlo de su conocimiento mediante la publicaci\u00f3n del nuevo aviso en nuestro portal de internet\u00a0<a href=\"http:\/\/www.GlobalLending.com\">www.GlobalLending.com<\/a>. <\/span><\/p>\n<p><span>\u00a0<\/span><\/p>\n<p>[\/et_pb_text][\/et_pb_column][\/et_pb_row][\/et_pb_section]<\/p>\n","protected":false},"excerpt":{"rendered":"<p>Bienvenido a Global LendingEn Global Lending estamos dedicados al otorgamiento de Cr\u00e9ditos al Consumo, Tarjetas Carnet y Medios de Pago. Fundada en 2010 por un equipo de profesionales del sector bancario con m\u00e1s de 100+ a\u00f1os de experiencia combinada. Con sus productos Global Lending apoya a cubrir las necesidades de cr\u00e9dito de sus empleados, as\u00ed [&hellip;]<\/p>\n","protected":false},"author":1,"featured_media":0,"parent":0,"menu_order":0,"comment_status":"closed","ping_status":"closed","template":"","meta":{"_et_pb_use_builder":"on","_et_pb_old_content":"","_et_gb_content_width":"","footnotes":""},"class_list":["post-9","page","type-page","status-publish","hentry"],"_links":{"self":[{"href":"https:\/\/globallending.com\/index.php?rest_route=\/wp\/v2\/pages\/9","targetHints":{"allow":["GET"]}}],"collection":[{"href":"https:\/\/globallending.com\/index.php?rest_route=\/wp\/v2\/pages"}],"about":[{"href":"https:\/\/globallending.com\/index.php?rest_route=\/wp\/v2\/types\/page"}],"author":[{"embeddable":true,"href":"https:\/\/globallending.com\/index.php?rest_route=\/wp\/v2\/users\/1"}],"replies":[{"embeddable":true,"href":"https:\/\/globallending.com\/index.php?rest_route=%2Fwp%2Fv2%2Fcomments&post=9"}],"version-history":[{"count":21,"href":"https:\/\/globallending.com\/index.php?rest_route=\/wp\/v2\/pages\/9\/revisions"}],"predecessor-version":[{"id":145,"href":"https:\/\/globallending.com\/index.php?rest_route=\/wp\/v2\/pages\/9\/revisions\/145"}],"wp:attachment":[{"href":"https:\/\/globallending.com\/index.php?rest_route=%2Fwp%2Fv2%2Fmedia&parent=9"}],"curies":[{"name":"wp","href":"https:\/\/api.w.org\/{rel}","templated":true}]}}