{"id":70,"date":"2025-01-22T05:06:50","date_gmt":"2025-01-22T05:06:50","guid":{"rendered":"https:\/\/globallending.com\/?page_id=70"},"modified":"2025-02-11T19:05:56","modified_gmt":"2025-02-11T19:05:56","slug":"cat","status":"publish","type":"page","link":"https:\/\/globallending.com\/?page_id=70","title":{"rendered":"CAT"},"content":{"rendered":"<p>[et_pb_section fb_built=\u00bb1&#8243; _builder_version=\u00bb4.27.4&#8243; _module_preset=\u00bbdefault\u00bb background_color=\u00bbgcid-b816428f-f07b-49fd-8ded-56a5ff86f251&#8243; custom_margin=\u00bb||||false|false\u00bb custom_padding=\u00bb246px||150px||false|false\u00bb global_colors_info=\u00bb{%22gcid-b816428f-f07b-49fd-8ded-56a5ff86f251%22:%91%22background_color%22%93}\u00bb][et_pb_row column_structure=\u00bb1_2,1_2&#8243; _builder_version=\u00bb4.27.2&#8243; _module_preset=\u00bbdefault\u00bb custom_margin=\u00bb-1px|auto||auto|false|false\u00bb global_colors_info=\u00bb{}\u00bb][et_pb_column type=\u00bb1_2&#8243; _builder_version=\u00bb4.27.2&#8243; _module_preset=\u00bbdefault\u00bb global_colors_info=\u00bb{}\u00bb][et_pb_text _builder_version=\u00bb4.27.2&#8243; _module_preset=\u00bbdefault\u00bb text_text_color=\u00bbgcid-21dd83ef-4663-4c3f-87f3-018723d31623&#8243; text_font_size=\u00bb19px\u00bb text_orientation=\u00bbright\u00bb custom_margin=\u00bb||-7px|||\u00bb custom_margin_tablet=\u00bb||-7px|||\u00bb custom_margin_phone=\u00bb-75px||-7px||false|false\u00bb custom_margin_last_edited=\u00bbon|phone\u00bb text_orientation_tablet=\u00bbcenter\u00bb text_orientation_phone=\u00bbcenter\u00bb text_orientation_last_edited=\u00bbon|phone\u00bb global_colors_info=\u00bb{%22gcid-21dd83ef-4663-4c3f-87f3-018723d31623%22:%91%22text_text_color%22%93}\u00bb]<\/p>\n<p><strong>CAT (Costo Anual Total) |<\/strong><\/p>\n<p>[\/et_pb_text][et_pb_text _builder_version=\u00bb4.27.4&#8243; _module_preset=\u00bbdefault\u00bb text_text_color=\u00bb#FFFFFF\u00bb text_orientation=\u00bbjustified\u00bb global_colors_info=\u00bb{}\u00bb]<\/p>\n<p>&nbsp;<\/p>\n<p><span>CAT\u00a0promedio\u00a0<strong>115.00%,<\/strong>\u00a0sin IVA, tasa promedio anual<strong>\u00a060.0%<\/strong>\u00a0fija, comisi\u00f3n por apertura de hasta el 3% del monto del importe del cr\u00e9dito o capital, Sin IVA. \u00abPara fines informativos y de comparaci\u00f3n, exclusivamente\u00bb. Las dem\u00e1s comisiones pueden originarse de acuerdo con el contrato de cr\u00e9dito suscrito por el Cliente y pueden ser consultadas en\u00a0<a href=\"http:\/\/www.GlobalLending.com\">www.GlobalLending.com<\/a> o en las oficinas de Global Lending.<\/span><\/p>\n<p><span>Fecha de C\u00e1lculo: 12 de diciembre de 2024 <br \/>Fecha de Vigencia: 12 de diciembre de 2024 a 12 de junio de 2025.<\/span><\/p>\n<p><strong><span>Tasa de Inter\u00e9s Ordinario Anual promedio:<\/span><\/strong><\/p>\n<p><span>60.00%\u00a0fija, sin IVA.<\/span><\/p>\n<p><strong><span>Monto del Cr\u00e9dito:<\/span><\/strong><\/p>\n<p><span>Conforme a la capacidad de pago del Cliente, el monto del cr\u00e9dito puede ser de $2,000 pesos (moneda nacional) hasta *la cantidad que no rebase el 30% de su ingreso fijo neto.<\/span><\/p>\n<p><span>*Aplican restricciones, mismas que puedes consultar con tu promotor o llamando al 55 5264 7000 y 800 145 6225.<\/span><\/p>\n<p><strong><span>Plazo del Cr\u00e9dito:<\/span><\/strong><\/p>\n<p><span>De 3 a 120 quincenas o en su caso, los plazos equivalentes expresados en semanas, catorcenas o meses o en cualquier otra periodicidad, y que se determina de acuerdo a la frecuencia en que el Cliente recibe las cantidades correspondientes a su sueldo, pensi\u00f3n o jubilaci\u00f3n.<\/span><\/p>\n<p><strong><span>Frecuencia de cobro:<\/span><\/strong><\/p>\n<p><span>Se determina de acuerdo a la periodicidad en que el Cliente recibe las cantidades correspondientes a su sueldo, pensi\u00f3n o jubilaci\u00f3n.<\/span><\/p>\n<p><strong><span>Medios de pago:<\/span><\/strong><\/p>\n<p><span>Los medios a trav\u00e9s de los cuales puedes efectuar el pago de tu cr\u00e9dito son los siguientes:<\/span><\/p>\n<p>Domiciliaci\u00f3n: el cliente realizar\u00e1 sus pagos a trav\u00e9s de la domiciliaci\u00f3n a una cuenta bancaria de la cual es titular el pago de las parcialidades que corresponda de manera peri\u00f3dica hasta el t\u00e9rmino del pago del cr\u00e9dito.<\/p>\n<p><span>Con cheque: Los pagos podr\u00e1n efectuarse mediante cheque expedido a nombre de Global Lending, el cual se recibir\u00e1 salvo buen cobro, y se acreditar\u00e1 el mismo d\u00eda en que se reciba, cuando el pago se realice en la instituci\u00f3n de cr\u00e9dito que le lleva la cuenta a \u00e9sta \u00faltima, si el cheque es a cargo de la misma instituci\u00f3n de cr\u00e9dito; o a m\u00e1s tardar el d\u00eda h\u00e1bil siguiente si el pago se realiza antes de las 16:00 horas, o a m\u00e1s tardar el segundo d\u00eda h\u00e1bil siguiente si el pago se hace despu\u00e9s de las 16:00 horas, si el cheque es a cargo de otra instituci\u00f3n de cr\u00e9dito.<\/span><\/p>\n<p><strong><span>\u00a0<\/span><\/strong><\/p>\n<p><strong><span>Comisiones<\/span><\/strong><\/p>\n<p><strong><span>*Por Disposici\u00f3n del cr\u00e9dito:<\/span><\/strong><\/p>\n<p><span>La cantidad de 3% por disposici\u00f3n del cr\u00e9dito. Excepto en los cr\u00e9ditos que deriven de Convenios en los que las Dependencias y Global Lending hayan negociado y pactado una comisi\u00f3n distinta, en cuyo caso, el importe de la comisi\u00f3n se especificar\u00e1 en el Contrato de Cr\u00e9dito aplicable.<\/span><\/p>\n<p><span>Periodicidad: Por \u00fanica ocasi\u00f3n.<\/span><\/p>\n<p><span>Estas comisiones pueden ser consultadas en el portal de Registro de Comisiones Vigentes (RECO) de la CONSUSEF.<\/span><\/p>\n<p><span>\u00a0<\/span><\/p>\n<p><span>\u00a0<\/span><\/p>\n<p>[\/et_pb_text][\/et_pb_column][et_pb_column type=\u00bb1_2&#8243; _builder_version=\u00bb4.27.2&#8243; _module_preset=\u00bbdefault\u00bb global_colors_info=\u00bb{}\u00bb][et_pb_image src=\u00bbhttps:\/\/globallending.com\/wp-content\/uploads\/2025\/01\/cat-1.jpg\u00bb title_text=\u00bbcat\u00bb align_tablet=\u00bbcenter\u00bb align_phone=\u00bbcenter\u00bb align_last_edited=\u00bbon|phone\u00bb _builder_version=\u00bb4.27.2&#8243; _module_preset=\u00bbdefault\u00bb global_colors_info=\u00bb{}\u00bb][\/et_pb_image][\/et_pb_column][\/et_pb_row][\/et_pb_section]<\/p>\n","protected":false},"excerpt":{"rendered":"<p>CAT (Costo Anual Total) |&nbsp; CAT\u00a0promedio\u00a0115.00%,\u00a0sin IVA, tasa promedio anual\u00a060.0%\u00a0fija, comisi\u00f3n por apertura de hasta el 3% del monto del importe del cr\u00e9dito o capital, Sin IVA. \u00abPara fines informativos y de comparaci\u00f3n, exclusivamente\u00bb. Las dem\u00e1s comisiones pueden originarse de acuerdo con el contrato de cr\u00e9dito suscrito por el Cliente y pueden ser consultadas en\u00a0www.GlobalLending.com [&hellip;]<\/p>\n","protected":false},"author":1,"featured_media":0,"parent":0,"menu_order":0,"comment_status":"closed","ping_status":"closed","template":"","meta":{"_et_pb_use_builder":"on","_et_pb_old_content":"","_et_gb_content_width":"","footnotes":""},"class_list":["post-70","page","type-page","status-publish","hentry"],"_links":{"self":[{"href":"https:\/\/globallending.com\/index.php?rest_route=\/wp\/v2\/pages\/70","targetHints":{"allow":["GET"]}}],"collection":[{"href":"https:\/\/globallending.com\/index.php?rest_route=\/wp\/v2\/pages"}],"about":[{"href":"https:\/\/globallending.com\/index.php?rest_route=\/wp\/v2\/types\/page"}],"author":[{"embeddable":true,"href":"https:\/\/globallending.com\/index.php?rest_route=\/wp\/v2\/users\/1"}],"replies":[{"embeddable":true,"href":"https:\/\/globallending.com\/index.php?rest_route=%2Fwp%2Fv2%2Fcomments&post=70"}],"version-history":[{"count":4,"href":"https:\/\/globallending.com\/index.php?rest_route=\/wp\/v2\/pages\/70\/revisions"}],"predecessor-version":[{"id":104,"href":"https:\/\/globallending.com\/index.php?rest_route=\/wp\/v2\/pages\/70\/revisions\/104"}],"wp:attachment":[{"href":"https:\/\/globallending.com\/index.php?rest_route=%2Fwp%2Fv2%2Fmedia&parent=70"}],"curies":[{"name":"wp","href":"https:\/\/api.w.org\/{rel}","templated":true}]}}